{"id":4981,"date":"2022-10-08T10:13:05","date_gmt":"2022-10-08T13:13:05","guid":{"rendered":"https:\/\/tecnoprocess.com\/?page_id=4981"},"modified":"2022-10-13T13:16:09","modified_gmt":"2022-10-13T16:16:09","slug":"blog","status":"publish","type":"page","link":"https:\/\/tecnoprocess.com\/en\/blog\/","title":{"rendered":"Blog"},"content":{"rendered":"<div data-elementor-type=\"wp-page\" data-elementor-id=\"4981\" class=\"elementor elementor-4981\" data-elementor-post-type=\"page\">\n\t\t\t\t\t\t<section class=\"elementor-section elementor-top-section elementor-element elementor-element-82b6bb8 elementor-section-boxed elementor-section-height-default elementor-section-height-default\" data-id=\"82b6bb8\" data-element_type=\"section\">\n\t\t\t\t\t\t<div class=\"elementor-container elementor-column-gap-default\">\n\t\t\t\t\t<div class=\"elementor-column elementor-col-50 elementor-top-column elementor-element elementor-element-16d39c1\" data-id=\"16d39c1\" data-element_type=\"column\">\n\t\t\t<div class=\"elementor-widget-wrap elementor-element-populated\">\n\t\t\t\t\t\t<div class=\"elementor-element elementor-element-3ae974e elementor-grid-3 elementor-grid-tablet-2 elementor-grid-mobile-1 elementor-posts--thumbnail-top elementor-card-shadow-yes elementor-posts__hover-gradient elementor-widget elementor-widget-posts\" data-id=\"3ae974e\" data-element_type=\"widget\" data-settings=\"{&quot;cards_columns&quot;:&quot;3&quot;,&quot;cards_columns_tablet&quot;:&quot;2&quot;,&quot;cards_columns_mobile&quot;:&quot;1&quot;,&quot;cards_row_gap&quot;:{&quot;unit&quot;:&quot;px&quot;,&quot;size&quot;:35,&quot;sizes&quot;:[]},&quot;cards_row_gap_tablet&quot;:{&quot;unit&quot;:&quot;px&quot;,&quot;size&quot;:&quot;&quot;,&quot;sizes&quot;:[]},&quot;cards_row_gap_mobile&quot;:{&quot;unit&quot;:&quot;px&quot;,&quot;size&quot;:&quot;&quot;,&quot;sizes&quot;:[]}}\" data-widget_type=\"posts.cards\">\n\t\t\t\t<div class=\"elementor-widget-container\">\n\t\t\t\t\t\t\t<div class=\"elementor-posts-container elementor-posts elementor-posts--skin-cards elementor-grid\">\n\t\t\t\t<article class=\"elementor-post elementor-grid-item post-5251 post type-post status-publish format-standard has-post-thumbnail hentry category-87 category-projetos tag-83 tag-case tag-montadora\">\n\t\t\t<div class=\"elementor-post__card\">\n\t\t\t\t<a class=\"elementor-post__thumbnail__link\" href=\"https:\/\/tecnoprocess.com\/en\/pintura\/\" ><div class=\"elementor-post__thumbnail\"><img fetchpriority=\"high\" decoding=\"async\" width=\"300\" height=\"300\" src=\"https:\/\/tecnoprocess.com\/wp-content\/uploads\/2023\/02\/3-300x300.jpg\" class=\"attachment-medium size-medium wp-image-5245\" alt=\"\" srcset=\"https:\/\/tecnoprocess.com\/wp-content\/uploads\/2023\/02\/3-300x300.jpg 300w, https:\/\/tecnoprocess.com\/wp-content\/uploads\/2023\/02\/3-1024x1024.jpg 1024w, https:\/\/tecnoprocess.com\/wp-content\/uploads\/2023\/02\/3-150x150.jpg 150w, https:\/\/tecnoprocess.com\/wp-content\/uploads\/2023\/02\/3-768x768.jpg 768w, https:\/\/tecnoprocess.com\/wp-content\/uploads\/2023\/02\/3.jpg 1080w\" sizes=\"(max-width: 300px) 100vw, 300px\" \/><\/div><\/a>\n\t\t\t\t<div class=\"elementor-post__badge\">2021<\/div>\n\t\t\t\t<div class=\"elementor-post__text\">\n\t\t\t\t<h3 class=\"elementor-post__title\">\n\t\t\t<a href=\"https:\/\/tecnoprocess.com\/en\/pintura\/\" >\n\t\t\t\t- Painting\t\t\t<\/a>\n\t\t<\/h3>\n\t\t\t\t<div class=\"elementor-post__excerpt\">\n\t\t\t<p>By means of the application of the simulation, have been discovered and addressed in advance of a possible failure in the implementation of the project, which resulted in the execution of an efficient and hassle-free.<\/p>\n\t\t<\/div>\n\t\t\n\t\t<a class=\"elementor-post__read-more\" href=\"https:\/\/tecnoprocess.com\/en\/pintura\/\" aria-label=\"Read more about Pintura\" >\n\t\t\tRead more &#034;\t\t<\/a>\n\n\t\t\t\t<\/div>\n\t\t\t\t\t<\/div>\n\t\t<\/article>\n\t\t\t\t<article class=\"elementor-post elementor-grid-item post-5234 post type-post status-publish format-standard has-post-thumbnail hentry category-87 category-projetos tag-83 tag-case tag-montadora\">\n\t\t\t<div class=\"elementor-post__card\">\n\t\t\t\t<a class=\"elementor-post__thumbnail__link\" href=\"https:\/\/tecnoprocess.com\/en\/manipulacao-de-airbag\/\" ><div class=\"elementor-post__thumbnail\"><img decoding=\"async\" width=\"300\" height=\"300\" src=\"https:\/\/tecnoprocess.com\/wp-content\/uploads\/2023\/02\/2-300x300.jpg\" class=\"attachment-medium size-medium wp-image-5246\" alt=\"\" srcset=\"https:\/\/tecnoprocess.com\/wp-content\/uploads\/2023\/02\/2-300x300.jpg 300w, https:\/\/tecnoprocess.com\/wp-content\/uploads\/2023\/02\/2-1024x1024.jpg 1024w, https:\/\/tecnoprocess.com\/wp-content\/uploads\/2023\/02\/2-150x150.jpg 150w, https:\/\/tecnoprocess.com\/wp-content\/uploads\/2023\/02\/2-768x768.jpg 768w, https:\/\/tecnoprocess.com\/wp-content\/uploads\/2023\/02\/2.jpg 1080w\" sizes=\"(max-width: 300px) 100vw, 300px\" \/><\/div><\/a>\n\t\t\t\t<div class=\"elementor-post__badge\">2021<\/div>\n\t\t\t\t<div class=\"elementor-post__text\">\n\t\t\t\t<h3 class=\"elementor-post__title\">\n\t\t\t<a href=\"https:\/\/tecnoprocess.com\/en\/manipulacao-de-airbag\/\" >\n\t\t\t\tHandling the battery\t\t\t<\/a>\n\t\t<\/h3>\n\t\t\t\t<div class=\"elementor-post__excerpt\">\n\t\t\t<p>By means of the application of the simulation, have been discovered and addressed in advance of a possible failure in the implementation of the project, which resulted in the execution of an efficient and hassle-free.<\/p>\n\t\t<\/div>\n\t\t\n\t\t<a class=\"elementor-post__read-more\" href=\"https:\/\/tecnoprocess.com\/en\/manipulacao-de-airbag\/\" aria-label=\"Read more about Manipula\u00e7\u00e3o de Airbag\" >\n\t\t\tRead more &#034;\t\t<\/a>\n\n\t\t\t\t<\/div>\n\t\t\t\t\t<\/div>\n\t\t<\/article>\n\t\t\t\t<article class=\"elementor-post elementor-grid-item post-5175 post type-post status-publish format-standard has-post-thumbnail hentry category-87 category-projetos tag-83 tag-case tag-montadora\">\n\t\t\t<div class=\"elementor-post__card\">\n\t\t\t\t<a class=\"elementor-post__thumbnail__link\" href=\"https:\/\/tecnoprocess.com\/en\/case-ausi\/\" ><div class=\"elementor-post__thumbnail\"><img decoding=\"async\" width=\"300\" height=\"300\" src=\"https:\/\/tecnoprocess.com\/wp-content\/uploads\/2023\/02\/Tecno-Ausi-300x300.png\" class=\"attachment-medium size-medium wp-image-5180\" alt=\"\" srcset=\"https:\/\/tecnoprocess.com\/wp-content\/uploads\/2023\/02\/Tecno-Ausi-300x300.png 300w, https:\/\/tecnoprocess.com\/wp-content\/uploads\/2023\/02\/Tecno-Ausi-1024x1024.png 1024w, https:\/\/tecnoprocess.com\/wp-content\/uploads\/2023\/02\/Tecno-Ausi-150x150.png 150w, https:\/\/tecnoprocess.com\/wp-content\/uploads\/2023\/02\/Tecno-Ausi-768x768.png 768w, https:\/\/tecnoprocess.com\/wp-content\/uploads\/2023\/02\/Tecno-Ausi.png 1080w\" sizes=\"(max-width: 300px) 100vw, 300px\" \/><\/div><\/a>\n\t\t\t\t<div class=\"elementor-post__badge\">2021<\/div>\n\t\t\t\t<div class=\"elementor-post__text\">\n\t\t\t\t<h3 class=\"elementor-post__title\">\n\t\t\t<a href=\"https:\/\/tecnoprocess.com\/en\/case-ausi\/\" >\n\t\t\t\tThe simulation and Robotics \u2013 Moulds of Sand\t\t\t<\/a>\n\t\t<\/h3>\n\t\t\t\t<div class=\"elementor-post__excerpt\">\n\t\t\t<p>The work of the simulation is critical to the success of this project by performing the simulations with the detailed process, including the layout, cycle time, and approval of a device\/grippers, ACT, and robotics. <\/p>\n\t\t<\/div>\n\t\t\n\t\t<a class=\"elementor-post__read-more\" href=\"https:\/\/tecnoprocess.com\/en\/case-ausi\/\" aria-label=\"Read more about Simula\u00e7\u00e3o e Rob\u00f3tica &#8211; Moldes de Areia\" >\n\t\t\tRead more &#034;\t\t<\/a>\n\n\t\t\t\t<\/div>\n\t\t\t\t\t<\/div>\n\t\t<\/article>\n\t\t\t\t<article class=\"elementor-post elementor-grid-item post-5087 post type-post status-publish format-standard has-post-thumbnail hentry category-robotica tag-implementar-a-industria-4-0 tag-industria-4-0 tag-marca-de-robos tag-marca-de-robos-industriais tag-robos-de-automacao tag-robos-industriais\">\n\t\t\t<div class=\"elementor-post__card\">\n\t\t\t\t<a class=\"elementor-post__thumbnail__link\" href=\"https:\/\/tecnoprocess.com\/en\/comportamentos-que-atrapalham-a-produtividade-da-sua-empresa-ou-industria\/\" ><div class=\"elementor-post__thumbnail\"><img loading=\"lazy\" decoding=\"async\" width=\"297\" height=\"300\" src=\"https:\/\/tecnoprocess.com\/wp-content\/uploads\/2023\/02\/robos_edited-297x300.jpg\" class=\"attachment-medium size-medium wp-image-5092\" alt=\"\" srcset=\"https:\/\/tecnoprocess.com\/wp-content\/uploads\/2023\/02\/robos_edited-297x300.jpg 297w, https:\/\/tecnoprocess.com\/wp-content\/uploads\/2023\/02\/robos_edited-1015x1024.jpg 1015w, https:\/\/tecnoprocess.com\/wp-content\/uploads\/2023\/02\/robos_edited-768x775.jpg 768w, https:\/\/tecnoprocess.com\/wp-content\/uploads\/2023\/02\/robos_edited.jpg 1336w\" sizes=\"(max-width: 297px) 100vw, 297px\" \/><\/div><\/a>\n\t\t\t\t<div class=\"elementor-post__badge\">Robotics<\/div>\n\t\t\t\t<div class=\"elementor-post__text\">\n\t\t\t\t<h3 class=\"elementor-post__title\">\n\t\t\t<a href=\"https:\/\/tecnoprocess.com\/en\/comportamentos-que-atrapalham-a-produtividade-da-sua-empresa-ou-industria\/\" >\n\t\t\t\tRobotics: what are the best brands of industrial robots?\t\t\t<\/a>\n\t\t<\/h3>\n\t\t\t\t<div class=\"elementor-post__excerpt\">\n\t\t\t<p>If you&#039;re in the industry, and you want to implement industry 4.0 in your company, find out what the benefits are endless! The main benefit is the gain in productivity, more cost savings and optimization of all steps of the manufacturing processes.<\/p>\n\t\t<\/div>\n\t\t\n\t\t<a class=\"elementor-post__read-more\" href=\"https:\/\/tecnoprocess.com\/en\/comportamentos-que-atrapalham-a-produtividade-da-sua-empresa-ou-industria\/\" aria-label=\"Read more about Rob\u00f3tica: quais as melhores marcas de rob\u00f4s industriais?\" >\n\t\t\tRead more &#034;\t\t<\/a>\n\n\t\t\t\t<\/div>\n\t\t\t\t\t<\/div>\n\t\t<\/article>\n\t\t\t\t<article class=\"elementor-post elementor-grid-item post-5080 post type-post status-publish format-standard has-post-thumbnail hentry category-robotica tag-industria-4-0 tag-robos-de-automacao tag-robos-industriais\">\n\t\t\t<div class=\"elementor-post__card\">\n\t\t\t\t<a class=\"elementor-post__thumbnail__link\" href=\"https:\/\/tecnoprocess.com\/en\/conheca-as-solucoes-para-industria-da-tecnoprocess\/\" ><div class=\"elementor-post__thumbnail\"><img loading=\"lazy\" decoding=\"async\" width=\"296\" height=\"300\" src=\"https:\/\/tecnoprocess.com\/wp-content\/uploads\/2023\/02\/industria_edited-296x300.jpg\" class=\"attachment-medium size-medium wp-image-5085\" alt=\"\" srcset=\"https:\/\/tecnoprocess.com\/wp-content\/uploads\/2023\/02\/industria_edited-296x300.jpg 296w, https:\/\/tecnoprocess.com\/wp-content\/uploads\/2023\/02\/industria_edited-1012x1024.jpg 1012w, https:\/\/tecnoprocess.com\/wp-content\/uploads\/2023\/02\/industria_edited-768x777.jpg 768w, https:\/\/tecnoprocess.com\/wp-content\/uploads\/2023\/02\/industria_edited.jpg 1332w\" sizes=\"(max-width: 296px) 100vw, 296px\" \/><\/div><\/a>\n\t\t\t\t<div class=\"elementor-post__badge\">Robotics<\/div>\n\t\t\t\t<div class=\"elementor-post__text\">\n\t\t\t\t<h3 class=\"elementor-post__title\">\n\t\t\t<a href=\"https:\/\/tecnoprocess.com\/en\/conheca-as-solucoes-para-industria-da-tecnoprocess\/\" >\n\t\t\t\tBehavior that interferes with productivity in your company&#039;s or industry.\t\t\t<\/a>\n\t\t<\/h3>\n\t\t\t\t<div class=\"elementor-post__excerpt\">\n\t\t\t<p>Stay right here to find out about the behaviors that may be hindering the productivity of your company or the industry, and here&#039;s how to fix them! <\/p>\n\t\t<\/div>\n\t\t\n\t\t<a class=\"elementor-post__read-more\" href=\"https:\/\/tecnoprocess.com\/en\/conheca-as-solucoes-para-industria-da-tecnoprocess\/\" aria-label=\"Read more about Comportamentos que atrapalham a produtividade da sua empresa ou ind\u00fastria.\" >\n\t\t\tRead more &#034;\t\t<\/a>\n\n\t\t\t\t<\/div>\n\t\t\t\t\t<\/div>\n\t\t<\/article>\n\t\t\t\t<article class=\"elementor-post elementor-grid-item post-5063 post type-post status-publish format-standard has-post-thumbnail hentry category-robotica tag-automacao-industrial tag-industria-4-0 tag-robos-para-industria tag-simulacao-de-fluxos tag-simulacao-de-processos-industriais\">\n\t\t\t<div class=\"elementor-post__card\">\n\t\t\t\t<a class=\"elementor-post__thumbnail__link\" href=\"https:\/\/tecnoprocess.com\/en\/3-beneficios-da-automacao-com-robos-industriais-para-sua-empresa-2\/\" ><div class=\"elementor-post__thumbnail\"><img loading=\"lazy\" decoding=\"async\" width=\"300\" height=\"300\" src=\"https:\/\/tecnoprocess.com\/wp-content\/uploads\/2023\/02\/solucoes_edited-300x300.jpg\" class=\"attachment-medium size-medium wp-image-5077\" alt=\"\" srcset=\"https:\/\/tecnoprocess.com\/wp-content\/uploads\/2023\/02\/solucoes_edited-300x300.jpg 300w, https:\/\/tecnoprocess.com\/wp-content\/uploads\/2023\/02\/solucoes_edited-150x150.jpg 150w, https:\/\/tecnoprocess.com\/wp-content\/uploads\/2023\/02\/solucoes_edited.jpg 546w\" sizes=\"(max-width: 300px) 100vw, 300px\" \/><\/div><\/a>\n\t\t\t\t<div class=\"elementor-post__badge\">Robotics<\/div>\n\t\t\t\t<div class=\"elementor-post__text\">\n\t\t\t\t<h3 class=\"elementor-post__title\">\n\t\t\t<a href=\"https:\/\/tecnoprocess.com\/en\/3-beneficios-da-automacao-com-robos-industriais-para-sua-empresa-2\/\" >\n\t\t\t\tGet to know the solutions for the industry&#039;s Tecnoprocess.\t\t\t<\/a>\n\t\t<\/h3>\n\t\t\t\t<div class=\"elementor-post__excerpt\">\n\t\t\t<p>Since 2014, act of uniting, technology and engineering to provide solutions in automation, robotics, software and techniques to the simulation of the flow process.<\/p>\n\t\t<\/div>\n\t\t\n\t\t<a class=\"elementor-post__read-more\" href=\"https:\/\/tecnoprocess.com\/en\/3-beneficios-da-automacao-com-robos-industriais-para-sua-empresa-2\/\" aria-label=\"Read more about Conhe\u00e7a as solu\u00e7\u00f5es para ind\u00fastria da Tecnoprocess.\" >\n\t\t\tRead more &#034;\t\t<\/a>\n\n\t\t\t\t<\/div>\n\t\t\t\t\t<\/div>\n\t\t<\/article>\n\t\t\t\t<article class=\"elementor-post elementor-grid-item post-2907 post type-post status-publish format-standard has-post-thumbnail hentry category-robotica tag-automacao-industrial tag-industria-4-0 tag-robos-de-automacao tag-robos-de-industria tag-robos-industriais tag-robos-para-industria\">\n\t\t\t<div class=\"elementor-post__card\">\n\t\t\t\t<a class=\"elementor-post__thumbnail__link\" href=\"https:\/\/tecnoprocess.com\/en\/3-beneficios-da-automacao-com-robos-industriais-para-sua-empresa\/\" ><div class=\"elementor-post__thumbnail\"><img loading=\"lazy\" decoding=\"async\" width=\"300\" height=\"300\" src=\"https:\/\/tecnoprocess.com\/wp-content\/uploads\/2022\/03\/4_Easy-Resize.com_-300x300.jpg\" class=\"attachment-medium size-medium wp-image-4606\" alt=\"3 motivos para automatizar\" srcset=\"https:\/\/tecnoprocess.com\/wp-content\/uploads\/2022\/03\/4_Easy-Resize.com_-300x300.jpg 300w, https:\/\/tecnoprocess.com\/wp-content\/uploads\/2022\/03\/4_Easy-Resize.com_-1024x1024.jpg 1024w, https:\/\/tecnoprocess.com\/wp-content\/uploads\/2022\/03\/4_Easy-Resize.com_-150x150.jpg 150w, https:\/\/tecnoprocess.com\/wp-content\/uploads\/2022\/03\/4_Easy-Resize.com_-768x768.jpg 768w, https:\/\/tecnoprocess.com\/wp-content\/uploads\/2022\/03\/4_Easy-Resize.com_.jpg 1280w\" sizes=\"(max-width: 300px) 100vw, 300px\" \/><\/div><\/a>\n\t\t\t\t<div class=\"elementor-post__badge\">Robotics<\/div>\n\t\t\t\t<div class=\"elementor-post__text\">\n\t\t\t\t<h3 class=\"elementor-post__title\">\n\t\t\t<a href=\"https:\/\/tecnoprocess.com\/en\/3-beneficios-da-automacao-com-robos-industriais-para-sua-empresa\/\" >\n\t\t\t\t3 benefits of home automation with industrial robots for your business.\t\t\t<\/a>\n\t\t<\/h3>\n\t\t\t\t<div class=\"elementor-post__excerpt\">\n\t\t\t<p>Regardless of whether it is a factory, large or small, there is a robotic solutions that are able to meet their needs, and optimize your results.<\/p>\n\t\t<\/div>\n\t\t\n\t\t<a class=\"elementor-post__read-more\" href=\"https:\/\/tecnoprocess.com\/en\/3-beneficios-da-automacao-com-robos-industriais-para-sua-empresa\/\" aria-label=\"Read more about 3 benef\u00edcios da automa\u00e7\u00e3o com rob\u00f4s industriais para sua empresa.\" >\n\t\t\tRead more &#034;\t\t<\/a>\n\n\t\t\t\t<\/div>\n\t\t\t\t\t<\/div>\n\t\t<\/article>\n\t\t\t\t<\/div>\n\t\t\n\t\t\t\t\t\t<\/div>\n\t\t\t\t<\/div>\n\t\t\t\t\t<\/div>\n\t\t<\/div>\n\t\t\t\t<div class=\"elementor-column elementor-col-50 elementor-top-column elementor-element elementor-element-eb93a83\" data-id=\"eb93a83\" data-element_type=\"column\">\n\t\t\t<div class=\"elementor-widget-wrap elementor-element-populated\">\n\t\t\t\t\t\t<div class=\"elementor-element elementor-element-9539fb1 elementor-widget elementor-widget-sidebar\" data-id=\"9539fb1\" data-element_type=\"widget\" data-widget_type=\"sidebar.default\">\n\t\t\t\t<div class=\"elementor-widget-container\">\n\t\t\t\t\t<div id=\"block-2\" class=\"widget widget_block widget_search\"><form role=\"search\" method=\"get\" action=\"https:\/\/tecnoprocess.com\/en\/\" class=\"wp-block-search__button-outside wp-block-search__text-button wp-block-search\" data-trp-original-action=\"https:\/\/tecnoprocess.com\/en\/\"    ><label class=\"wp-block-search__label\" for=\"wp-block-search__input-1\" >Search<\/label><div class=\"wp-block-search__inside-wrapper\" ><input class=\"wp-block-search__input\" id=\"wp-block-search__input-1\" placeholder=\"\" value=\"\" type=\"search\" name=\"s\" required \/><button aria-label=\"Search\" class=\"wp-block-search__button wp-element-button\" type=\"submit\" >Search<\/button><\/div><input type=\"hidden\" name=\"trp-form-language\" value=\"en\"\/><\/form><\/div><div id=\"block-6\" class=\"widget widget_block\">\n<div class=\"wp-block-group\"><div class=\"wp-block-group__inner-container is-layout-flow wp-block-group-is-layout-flow\">\n<h2 class=\"wp-block-heading\">Categories<\/h2>\n\n\n<ul class=\"wp-block-categories-list wp-block-categories\">\t<li class=\"cat-item cat-item-87\"><a href=\"https:\/\/tecnoprocess.com\/en\/category\/projetos\/2021\/\">2021<\/a>\n<\/li>\n\t<li class=\"cat-item cat-item-78\"><a href=\"https:\/\/tecnoprocess.com\/en\/category\/projetos\/\">Projects<\/a>\n<\/li>\n\t<li class=\"cat-item cat-item-14\"><a href=\"https:\/\/tecnoprocess.com\/en\/category\/robotica\/\">Robotics<\/a>\n<\/li>\n<\/ul><\/div><\/div>\n<\/div><div id=\"block-3\" class=\"widget widget_block\">\n<div class=\"wp-block-group\"><div class=\"wp-block-group__inner-container is-layout-flow wp-block-group-is-layout-flow\"><\/div><\/div>\n<\/div><div id=\"block-4\" class=\"widget widget_block\">\n<div class=\"wp-block-group\"><div class=\"wp-block-group__inner-container is-layout-flow wp-block-group-is-layout-flow\"><\/div><\/div>\n<\/div><div id=\"block-5\" class=\"widget widget_block\">\n<div class=\"wp-block-group\"><div class=\"wp-block-group__inner-container is-layout-flow wp-block-group-is-layout-flow\"><\/div><\/div>\n<\/div><div id=\"block-8\" class=\"widget widget_block\">\n<div class=\"wp-block-group\"><div class=\"wp-block-group__inner-container is-layout-flow wp-block-group-is-layout-flow\"><\/div><\/div>\n<\/div><div id=\"block-9\" class=\"widget widget_block\">\n<div class=\"wp-block-columns is-layout-flex wp-container-core-columns-is-layout-9d6595d7 wp-block-columns-is-layout-flex\">\n<div class=\"wp-block-column is-layout-flow wp-block-column-is-layout-flow\" style=\"flex-basis:100%\">\n<div class=\"wp-block-group\"><div class=\"wp-block-group__inner-container is-layout-flow wp-block-group-is-layout-flow\"><h2 class=\"widget-title\">Tags<\/h2><div class=\"wp-widget-group__inner-blocks\"><p class=\"wp-block-tag-cloud\"><a href=\"https:\/\/tecnoprocess.com\/en\/tag\/2021\/\" class=\"tag-cloud-link tag-link-83 tag-link-position-1\" style=\"font-size: 18.5pt;\" aria-label=\"2021 (3 items)\">2021<\/a>\n<a href=\"https:\/\/tecnoprocess.com\/en\/tag\/automacao-industrial\/\" class=\"tag-cloud-link tag-link-58 tag-link-position-2\" style=\"font-size: 14.3pt;\" aria-label=\"automa\u00e7\u00e3o industrial (2 items)\">industrial automation<\/a>\n<a href=\"https:\/\/tecnoprocess.com\/en\/tag\/case\/\" class=\"tag-cloud-link tag-link-84 tag-link-position-3\" style=\"font-size: 18.5pt;\" aria-label=\"Case (3 items)\">Case study<\/a>\n<a href=\"https:\/\/tecnoprocess.com\/en\/tag\/implementar-a-industria-4-0\/\" class=\"tag-cloud-link tag-link-77 tag-link-position-4\" style=\"font-size: 8pt;\" aria-label=\"implementar a ind\u00fastria 4.0 (1 item)\">to implement industry 4.0<\/a>\n<a href=\"https:\/\/tecnoprocess.com\/en\/tag\/industria-4-0\/\" class=\"tag-cloud-link tag-link-62 tag-link-position-5\" style=\"font-size: 22pt;\" aria-label=\"ind\u00fastria 4.0 (4 items)\">industry 4.0<\/a>\n<a href=\"https:\/\/tecnoprocess.com\/en\/tag\/marca-de-robos\/\" class=\"tag-cloud-link tag-link-75 tag-link-position-6\" style=\"font-size: 8pt;\" aria-label=\"marca de rob\u00f4s (1 item)\">the brand of the robot<\/a>\n<a href=\"https:\/\/tecnoprocess.com\/en\/tag\/marca-de-robos-industriais\/\" class=\"tag-cloud-link tag-link-76 tag-link-position-7\" style=\"font-size: 8pt;\" aria-label=\"marca de rob\u00f4s industriais (1 item)\">tag robots<\/a>\n<a href=\"https:\/\/tecnoprocess.com\/en\/tag\/montadora\/\" class=\"tag-cloud-link tag-link-80 tag-link-position-8\" style=\"font-size: 18.5pt;\" aria-label=\"Montadora (3 items)\">Manufacturer<\/a>\n<a href=\"https:\/\/tecnoprocess.com\/en\/tag\/robos-de-automacao\/\" class=\"tag-cloud-link tag-link-60 tag-link-position-9\" style=\"font-size: 18.5pt;\" aria-label=\"rob\u00f4s de automa\u00e7\u00e3o (3 items)\">robots and automation<\/a>\n<a href=\"https:\/\/tecnoprocess.com\/en\/tag\/robos-de-industria\/\" class=\"tag-cloud-link tag-link-59 tag-link-position-10\" style=\"font-size: 8pt;\" aria-label=\"rob\u00f4s de ind\u00fastria (1 item)\">robots in industry<\/a>\n<a href=\"https:\/\/tecnoprocess.com\/en\/tag\/robos-industriais\/\" class=\"tag-cloud-link tag-link-56 tag-link-position-11\" style=\"font-size: 18.5pt;\" aria-label=\"rob\u00f4s industriais (3 items)\">robots<\/a>\n<a href=\"https:\/\/tecnoprocess.com\/en\/tag\/robos-para-industria\/\" class=\"tag-cloud-link tag-link-57 tag-link-position-12\" style=\"font-size: 14.3pt;\" aria-label=\"rob\u00f4s para ind\u00fastria (2 items)\">robots, industrial<\/a>\n<a href=\"https:\/\/tecnoprocess.com\/en\/tag\/simulacao-de-fluxos\/\" class=\"tag-cloud-link tag-link-70 tag-link-position-13\" style=\"font-size: 8pt;\" aria-label=\"simula\u00e7\u00e3o de fluxos (1 item)\">the simulation of the flow<\/a>\n<a href=\"https:\/\/tecnoprocess.com\/en\/tag\/simulacao-de-processos-industriais\/\" class=\"tag-cloud-link tag-link-71 tag-link-position-14\" style=\"font-size: 8pt;\" aria-label=\"simula\u00e7\u00e3o de processos industriais (1 item)\">simulation of industrial processes.<\/a><\/p><\/div><\/div><\/div>\n<\/div>\n<\/div>\n<\/div>\t\t\t\t<\/div>\n\t\t\t\t<\/div>\n\t\t\t\t\t<\/div>\n\t\t<\/div>\n\t\t\t\t\t<\/div>\n\t\t<\/section>\n\t\t\t\t<\/div>","protected":false},"excerpt":{"rendered":"","protected":false},"author":1,"featured_media":0,"parent":0,"menu_order":0,"comment_status":"closed","ping_status":"closed","template":"","meta":{"_acf_changed":false,"footnotes":""},"class_list":["post-4981","page","type-page","status-publish","hentry"],"acf":[],"aioseo_notices":[],"_links":{"self":[{"href":"https:\/\/tecnoprocess.com\/en\/wp-json\/wp\/v2\/pages\/4981","targetHints":{"allow":["GET"]}}],"collection":[{"href":"https:\/\/tecnoprocess.com\/en\/wp-json\/wp\/v2\/pages"}],"about":[{"href":"https:\/\/tecnoprocess.com\/en\/wp-json\/wp\/v2\/types\/page"}],"author":[{"embeddable":true,"href":"https:\/\/tecnoprocess.com\/en\/wp-json\/wp\/v2\/users\/1"}],"replies":[{"embeddable":true,"href":"https:\/\/tecnoprocess.com\/en\/wp-json\/wp\/v2\/comments?post=4981"}],"version-history":[{"count":27,"href":"https:\/\/tecnoprocess.com\/en\/wp-json\/wp\/v2\/pages\/4981\/revisions"}],"predecessor-version":[{"id":5212,"href":"https:\/\/tecnoprocess.com\/en\/wp-json\/wp\/v2\/pages\/4981\/revisions\/5212"}],"wp:attachment":[{"href":"https:\/\/tecnoprocess.com\/en\/wp-json\/wp\/v2\/media?parent=4981"}],"curies":[{"name":"wp","href":"https:\/\/api.w.org\/{rel}","templated":true}]}}